{"id":1079,"date":"2025-12-10T10:05:26","date_gmt":"2025-12-10T09:05:26","guid":{"rendered":"https:\/\/www.proflog.de\/wordpress\/?page_id=1079"},"modified":"2025-12-10T10:05:26","modified_gmt":"2025-12-10T09:05:26","slug":"mit-zuversichtund-perspektive-spd-fraktion-offenburg","status":"publish","type":"page","link":"https:\/\/www.proflog.de\/wordpress\/?page_id=1079","title":{"rendered":"Mit Zuversichtund Perspektive, SPD Fraktion Offenburg"},"content":{"rendered":"\n<p>Das Jahr geht zu Ende und dies ist das letzte<br>politische Meinungsforum vor den Landtags-<br>wahlen im M\u00e4rz 2026 \u2013 und vor dem B\u00fcrger-<br>entscheid, der sich mit der zentralen Frage<br>befasst: Wie nutzen wir das Flugplatzareal<br>so, damit m\u00f6glichst viele Offenburgerinnen<br>und Offenburger davon profitieren?<br>Es ist uns wichtig, die Entscheidung verant-<br>wortungsvoll abzuw\u00e4gen. Die SPD-Fraktion<br>vertritt die Haltung, dass Offenburg diese<br>neuen Gewerbefl\u00e4chen braucht, um Arbeits-<br>pl\u00e4tze zu sichern, innovative Betriebe anzu-<br>ziehen und die finanziellen Grundlagen zu st\u00e4r-<br>ken, die f\u00fcr soziale und \u00f6kologische Projekte<br>unverzichtbar sind. Wir wollen eine Stadt, die<br>das Gemeinwohl in den Mittelpunkt stellt und<br>die Klimaschutz und soziale Verantwortung<br>miteinander verbindet \u2013 und nicht gegenein-<br>ander ausspielt. Deshalb sprechen wir uns f\u00fcr<br>ein nachhaltiges, modern gestaltetes Gewer-<br>begebiet auf dem ganzen Areal aus, das die<br>Stadt als Ganzes voranbringt.<br>Der heutige Flugplatz ist eine versiegelte Fl\u00e4-<br>che, die nur wenigen Menschen zugutekommt.<br>Eine Umnutzung er\u00f6ffnet hingegen Chancen<br>auf mehreren Ebenen: Die Landebahn kann<br>entsiegelt werden, sensible Bereiche werden<br>gesch\u00fctzt, und gleichzeitig entsteht Raum<br>f\u00fcr \u00f6kologische Formen neuer Gewerbean-<br>siedlungen.<br>Wir stellen uns ein Areal vor, das zeigt, wie<br>moderne Stadtentwicklung aussehen kann:<\/p>\n\n\n\n<ul class=\"wp-block-list\">\n<li>Begr\u00fcnte D\u00e4cher und Fassaden, die<br>Lebensr\u00e4ume schaffen und Hitze reduzieren<\/li>\n\n\n\n<li>Regenwasserr\u00fcckhalt und offene Gr\u00fcn-<br>drainagen, die den Boden entlasten<\/li>\n\n\n\n<li>Energieeffiziente Geb\u00e4ude mit Solaranla-<br>gen auf allen Fl\u00e4chen, sofern es machbar ist<\/li>\n\n\n\n<li>Carsharing, Radwege, E-Lades\u00e4ulen<br>und autofreie Zonen auf dem Gel\u00e4nde<\/li>\n\n\n\n<li>Gemeinschaftsfl\u00e4chen, die alle nutzen k\u00f6n-<br>nen.<br>Ein solches \u00f6kologisches Gewerbegebiet<br>ist kein Widerspruch zu sozialer Verantwor-<br>tung \u2013 es ist ihre Voraussetzung. Denn Offen-<br>burg braucht Einnahmen, um Kitas, Schulen,<br>Jugendhilfe, (Sport-)Vereine, Kultur und vieles<br>mehr zu finanzieren.<br>Wir wissen: Die B\u00fcrgerinnen und B\u00fcrger<br>w\u00e4gen sorgf\u00e4ltig ab. Und das ist gut so. Wir<br>wollen deutlich machen, dass wir nicht zwi-<br>schen Umwelt und Zukunft w\u00e4hlen m\u00fcssen.<br>Wir k\u00f6nnen beides gestalten \u2013 verantwor-<br>tungsvoll, innovativ und solidarisch.<br>Zum Jahresende w\u00fcnschen wir Ihnen und<br>Ihren Familien ein frohes, friedliches Weih-<br>nachtsfest. M\u00f6ge das neue Jahr Ihnen Gesund-<br>heit, Freude und Hoffnung schenken.<\/li>\n<\/ul>\n","protected":false},"excerpt":{"rendered":"<p>Das Jahr geht zu Ende und dies ist das letztepolitische Meinungsforum vor den Landtags-wahlen im M\u00e4rz 2026 \u2013 und vor dem B\u00fcrger-entscheid, der sich mit der zentralen Fragebefasst: Wie nutzen wir das Flugplatzarealso, damit m\u00f6glichst viele Offenburgerinnenund Offenburger davon profitieren?Es ist uns wichtig, die Entscheidung verant-wortungsvoll abzuw\u00e4gen. Die SPD-Fraktionvertritt die Haltung, dass Offenburg dieseneuen Gewerbefl\u00e4chen [&hellip;]<\/p>\n","protected":false},"author":2,"featured_media":0,"parent":0,"menu_order":0,"comment_status":"closed","ping_status":"closed","template":"","meta":{"footnotes":""},"class_list":["post-1079","page","type-page","status-publish","hentry"],"_links":{"self":[{"href":"https:\/\/www.proflog.de\/wordpress\/index.php?rest_route=\/wp\/v2\/pages\/1079","targetHints":{"allow":["GET"]}}],"collection":[{"href":"https:\/\/www.proflog.de\/wordpress\/index.php?rest_route=\/wp\/v2\/pages"}],"about":[{"href":"https:\/\/www.proflog.de\/wordpress\/index.php?rest_route=\/wp\/v2\/types\/page"}],"author":[{"embeddable":true,"href":"https:\/\/www.proflog.de\/wordpress\/index.php?rest_route=\/wp\/v2\/users\/2"}],"replies":[{"embeddable":true,"href":"https:\/\/www.proflog.de\/wordpress\/index.php?rest_route=%2Fwp%2Fv2%2Fcomments&post=1079"}],"version-history":[{"count":1,"href":"https:\/\/www.proflog.de\/wordpress\/index.php?rest_route=\/wp\/v2\/pages\/1079\/revisions"}],"predecessor-version":[{"id":1080,"href":"https:\/\/www.proflog.de\/wordpress\/index.php?rest_route=\/wp\/v2\/pages\/1079\/revisions\/1080"}],"wp:attachment":[{"href":"https:\/\/www.proflog.de\/wordpress\/index.php?rest_route=%2Fwp%2Fv2%2Fmedia&parent=1079"}],"curies":[{"name":"wp","href":"https:\/\/api.w.org\/{rel}","templated":true}]}}